{"id":50,"date":"2019-04-08T21:21:25","date_gmt":"2019-04-08T19:21:25","guid":{"rendered":"https:\/\/solve.flatelements.com\/?page_id=50"},"modified":"2025-05-16T11:12:30","modified_gmt":"2025-05-16T09:12:30","slug":"home","status":"publish","type":"page","link":"https:\/\/agrocoop-ks.com\/","title":{"rendered":"Ballina"},"content":{"rendered":"<p>[ux_slider type=&#8221;fade&#8221; nav_style=&#8221;simple&#8221; bullets=&#8221;false&#8221; bullet_style=&#8221;dashes-spaced&#8221;]<\/p>\n<p>[ux_banner height=&#8221;500px&#8221; bg=&#8221;5633&#8243; bg_pos=&#8221;17% 5%&#8221;]<\/p>\n<p>[\/ux_banner]<br \/>\n[ux_banner label=&#8221;Orhidea&#8221; height=&#8221;500px&#8221; height__sm=&#8221;370px&#8221; bg=&#8221;4448&#8243; bg_size=&#8221;original&#8221; bg_color=&#8221;rgb(255, 255, 255)&#8221; bg_pos=&#8221;48% 50%&#8221; border=&#8221;0px 0px 0px 0px&#8221; border_margin=&#8221;0px 0px 0px 0px&#8221; video_visibility=&#8221;hidden&#8221; visibility=&#8221;hidden&#8221;]<\/p>\n<p>[text_box width=&#8221;33&#8243; width__sm=&#8221;83&#8243; scale__sm=&#8221;120&#8243; position_x=&#8221;50&#8243; position_x__sm=&#8221;50&#8243; position_y=&#8221;80&#8243; position_y__sm=&#8221;75&#8243;]<\/p>\n<p>[button text=&#8221;Shiko Ofert\u00cbn!&#8221; color=&#8221;alert&#8221; expand=&#8221;0&#8243; link=&#8221;https:\/\/agrocoop-ks.com\/8-marsi\/&#8221;]<\/p>\n<p>[\/text_box]<\/p>\n<p>[\/ux_banner]<br \/>\n[ux_banner label=&#8221;Dhjetori Magjik&#8221; height=&#8221;600px&#8221; bg=&#8221;4027&#8243; bg_size=&#8221;original&#8221; bg_color=&#8221;rgb(0, 0, 0)&#8221; bg_pos=&#8221;86% 2%&#8221; effect=&#8221;snow&#8221; visibility=&#8221;hidden&#8221;]<\/p>\n<p>[text_box width=&#8221;67&#8243; animate=&#8221;flipInY&#8221; position_x=&#8221;50&#8243; position_y=&#8221;50&#8243;]<\/p>\n<p>[divider]<\/p>\n<p>[ux_text font_size=&#8221;1&#8243;]<\/p>\n<h2 class=\"h-large uppercase\"><strong><span style=\"font-size: 180%;\">Dhjetori Magjik!<\/span><\/strong><\/h2>\n<h1 class=\"uppercase\">Deri -50% ZBRITJE<\/h1>\n<p>[\/ux_text]<br \/>\n[divider]<\/p>\n<p>[button text=&#8221;Shiko Produktet!&#8221; color=&#8221;white&#8221; style=&#8221;outline&#8221; link=&#8221;https:\/\/agrocoop-ks.com\/dyqani&#8221;]<\/p>\n<p>[\/text_box]<\/p>\n<p>[\/ux_banner]<br \/>\n[ux_banner height=&#8221;500px&#8221; height__sm=&#8221;370px&#8221; bg=&#8221;3406&#8243; bg_size=&#8221;original&#8221; bg_color=&#8221;rgb(255, 255, 255)&#8221; bg_pos=&#8221;3% 5%&#8221; border=&#8221;0px 0px 0px 0px&#8221; border_margin=&#8221;0px 0px 0px 0px&#8221;]<\/p>\n<p>[text_box width=&#8221;33&#8243; width__sm=&#8221;83&#8243; scale__sm=&#8221;120&#8243; position_x=&#8221;5&#8243; position_x__sm=&#8221;50&#8243; position_y=&#8221;65&#8243; position_y__sm=&#8221;75&#8243;]<\/p>\n<h3 style=\"text-align: left;\"><span style=\"font-size: 95%;\">K\u00ebrkoj lule p\u00ebr:<\/span><\/h3>\n<p style=\"text-align: left;\"><span style=\"font-size: 95%;\">[widget id=&#8221;taxonomy_dropdown_widget-2&#8243;]<br \/>\n<\/span><\/p>\n<p>[\/text_box]<\/p>\n<p>[\/ux_banner]<br \/>\n[ux_banner height=&#8221;500px&#8221; height__sm=&#8221;370px&#8221; bg=&#8221;682&#8243; bg_size=&#8221;original&#8221; bg_color=&#8221;rgb(255,255,255)&#8221; bg_pos=&#8221;84% 49%&#8221; video_visibility=&#8221;hidden&#8221; visibility=&#8221;hidden&#8221;]<\/p>\n<p>[text_box text_color=&#8221;dark&#8221; width=&#8221;33&#8243; width__sm=&#8221;83&#8243; scale__sm=&#8221;120&#8243; position_x=&#8221;5&#8243; position_x__sm=&#8221;50&#8243; position_y=&#8221;65&#8243; position_y__sm=&#8221;75&#8243;]<\/p>\n<h3 style=\"text-align: left;\"><span style=\"font-size: 95%;\">K\u00ebrkoj lule p\u00ebr:<\/span><\/h3>\n<p style=\"text-align: left;\"><span style=\"font-size: 95%;\">[widget id=&#8221;taxonomy_dropdown_widget-2&#8243;]<br \/>\n<\/span><\/p>\n<p>[\/text_box]<\/p>\n<p>[\/ux_banner]<br \/>\n[ux_banner height=&#8221;500px&#8221; height__sm=&#8221;370px&#8221; bg=&#8221;721&#8243; bg_size=&#8221;original&#8221; bg_color=&#8221;rgb(255,255,255)&#8221; bg_pos=&#8221;84% 49%&#8221; video_visibility=&#8221;visible&#8221;]<\/p>\n<p>[text_box width=&#8221;33&#8243; width__sm=&#8221;83&#8243; scale__sm=&#8221;120&#8243; position_x=&#8221;5&#8243; position_x__sm=&#8221;50&#8243; position_y=&#8221;65&#8243; position_y__sm=&#8221;75&#8243;]<\/p>\n<h3 style=\"text-align: left;\"><span style=\"font-size: 95%;\">K\u00ebrkoj lule p\u00ebr:<\/span><\/h3>\n<p style=\"text-align: left;\"><span style=\"font-size: 95%;\">[widget id=&#8221;taxonomy_dropdown_widget-2&#8243;]<br \/>\n<\/span><\/p>\n<p>[\/text_box]<\/p>\n<p>[\/ux_banner]<br \/>\n[ux_banner height=&#8221;500px&#8221; height__sm=&#8221;370px&#8221; bg=&#8221;2432&#8243; bg_size=&#8221;original&#8221; bg_color=&#8221;rgb(255, 255, 255)&#8221; bg_pos=&#8221;55% 54%&#8221; border=&#8221;0px 0px 0px 0px&#8221; video_visibility=&#8221;visible&#8221;]<\/p>\n<p>[text_box width=&#8221;33&#8243; width__sm=&#8221;83&#8243; scale__sm=&#8221;120&#8243; position_x=&#8221;5&#8243; position_x__sm=&#8221;50&#8243; position_y=&#8221;65&#8243; position_y__sm=&#8221;75&#8243;]<\/p>\n<h3 style=\"text-align: left;\"><span style=\"font-size: 95%;\">K\u00ebrkoj lule p\u00ebr:<\/span><\/h3>\n<p style=\"text-align: left;\"><span style=\"font-size: 95%;\">[widget id=&#8221;taxonomy_dropdown_widget-2&#8243;]<br \/>\n<\/span><\/p>\n<p>[\/text_box]<\/p>\n<p>[\/ux_banner]<br \/>\n[ux_banner label=&#8221;tulips&#8221; height=&#8221;500px&#8221; height__sm=&#8221;370px&#8221; bg=&#8221;5078&#8243; bg_size=&#8221;original&#8221; bg_color=&#8221;rgb(255, 255, 255)&#8221; bg_pos=&#8221;55% 54%&#8221; border=&#8221;0px 0px 0px 0px&#8221; video_visibility=&#8221;visible&#8221;]<\/p>\n<p>[text_box width=&#8221;33&#8243; width__sm=&#8221;83&#8243; scale__sm=&#8221;120&#8243; position_x=&#8221;5&#8243; position_x__sm=&#8221;50&#8243; position_y=&#8221;65&#8243; position_y__sm=&#8221;75&#8243;]<\/p>\n<h3 style=\"text-align: left;\"><span style=\"font-size: 95%;\">K\u00ebrkoj lule p\u00ebr:<\/span><\/h3>\n<p style=\"text-align: left;\"><span style=\"font-size: 95%;\">[widget id=&#8221;taxonomy_dropdown_widget-2&#8243;]<br \/>\n<\/span><\/p>\n<p>[\/text_box]<\/p>\n<p>[\/ux_banner]<br \/>\n[ux_banner height=&#8221;500px&#8221; height__sm=&#8221;370px&#8221; bg=&#8221;2694&#8243; bg_size=&#8221;original&#8221; bg_color=&#8221;rgb(255, 255, 255)&#8221; bg_pos=&#8221;84% 49%&#8221; border=&#8221;0px 0px 0px 0px&#8221; video_visibility=&#8221;visible&#8221;]<\/p>\n<p>[text_box width=&#8221;33&#8243; width__sm=&#8221;83&#8243; scale__sm=&#8221;120&#8243; position_x=&#8221;5&#8243; position_x__sm=&#8221;50&#8243; position_y=&#8221;65&#8243; position_y__sm=&#8221;75&#8243;]<\/p>\n<h3 style=\"text-align: left;\"><span style=\"font-size: 95%;\">K\u00ebrkoj lule p\u00ebr:<\/span><\/h3>\n<p style=\"text-align: left;\"><span style=\"font-size: 95%;\">[widget id=&#8221;taxonomy_dropdown_widget-2&#8243;]<br \/>\n<\/span><\/p>\n<p>[\/text_box]<\/p>\n<p>[\/ux_banner]<br \/>\n[ux_banner label=&#8221;Orhidea&#8221; height=&#8221;500px&#8221; height__sm=&#8221;370px&#8221; bg=&#8221;3655&#8243; bg_size=&#8221;original&#8221; bg_color=&#8221;rgb(255, 255, 255)&#8221; bg_pos=&#8221;3% 5%&#8221; border=&#8221;0px 0px 0px 0px&#8221; border_margin=&#8221;0px 0px 0px 0px&#8221; visibility=&#8221;hidden&#8221;]<\/p>\n<p>[text_box width=&#8221;33&#8243; width__sm=&#8221;83&#8243; scale__sm=&#8221;120&#8243; position_x=&#8221;5&#8243; position_x__sm=&#8221;50&#8243; position_y=&#8221;65&#8243; position_y__sm=&#8221;75&#8243;]<\/p>\n<h2>SUPER AKSION<\/h2>\n<h3>Lulet orhidea n\u00eb zbritje!\ud83c\udf3a<\/h3>\n<p>[button text=&#8221;Shiko Ofert\u00cbn!&#8221; link=&#8221;https:\/\/agrocoop-ks.com\/?s=Phalaenopsis&amp;post_type=product&#8221;]<\/p>\n<p>[\/text_box]<\/p>\n<p>[\/ux_banner]<br \/>\n[ux_banner height=&#8221;589px&#8221; bg=&#8221;5438&#8243; bg_pos=&#8221;42% 58%&#8221; video_visibility=&#8221;hidden&#8221; visibility=&#8221;hidden&#8221;]<\/p>\n<p>[text_box position_x=&#8221;0&#8243; position_y=&#8221;35&#8243;]<\/p>\n<p>[button text=&#8221;Shikoni Ofertat!&#8221; color=&#8221;secondary&#8221; style=&#8221;gloss&#8221; size=&#8221;large&#8221; link=&#8221;http:\/\/agrocoop-ks.com\/8-marsi&#8221;]<\/p>\n<p>[\/text_box]<\/p>\n<p>[\/ux_banner]<br \/>\n[ux_banner label=&#8221;8 marsi&#8221; height=&#8221;500px&#8221; height__sm=&#8221;370px&#8221; bg=&#8221;3706&#8243; bg_size=&#8221;original&#8221; bg_color=&#8221;rgb(255, 255, 255)&#8221; bg_pos=&#8221;35% 63%&#8221; border=&#8221;0px 0px 0px 0px&#8221; border_margin=&#8221;0px 0px 0px 0px&#8221; video_visibility=&#8221;hidden&#8221; visibility=&#8221;hidden&#8221;]<\/p>\n<p>[text_box width=&#8221;33&#8243; width__sm=&#8221;83&#8243; scale__sm=&#8221;120&#8243; position_x=&#8221;5&#8243; position_x__sm=&#8221;50&#8243; position_y=&#8221;65&#8243; position_y__sm=&#8221;75&#8243;]<\/p>\n<h2>Lule p\u00ebr dashnin\u00eb<\/h2>\n<h4>Buqetat n\u00eb zbritje 20%<\/h4>\n<h4>\n[button text=&#8221;Shiko Ofert\u00cbn!&#8221; link=&#8221;https:\/\/agrocoop-ks.com\/kategori-produkti\/buqeta\/&#8221;]<\/p>\n<\/h4>\n<p>[\/text_box]<\/p>\n<p>[\/ux_banner]<\/p>\n<p>[\/ux_slider]<br \/>\n[section label=&#8221;Home: Latest&#8221; padding=&#8221;0px&#8221;]<\/p>\n<p>[row]<\/p>\n<p>[col span__sm=&#8221;12&#8243;]<\/p>\n<p>[gap height=&#8221;35px&#8221;]<\/p>\n<p>[title text=&#8221;M\u00eb t\u00eb shiturat&#8221; link_text=&#8221;t\u00eb gjitha&#8221; link=&#8221;\/dyqani\/&#8221;]<\/p>\n<div class=\"woocommerce columns-4 \"><ul class=\"products columns-4\">\n<li class=\"product type-product post-3817 status-publish first instock product_cat-plants has-post-thumbnail sale shipping-taxable purchasable product-type-simple\">\n\t<a href=\"https:\/\/agrocoop-ks.com\/?product=kalanchoe-double-mix\" class=\"woocommerce-LoopProduct-link woocommerce-loop-product__link\">\n\t<span class=\"onsale\">Sale!<\/span>\n\t<img loading=\"lazy\" decoding=\"async\" width=\"2560\" height=\"2560\" src=\"https:\/\/agrocoop-ks.com\/wp-content\/uploads\/2020\/11\/Kalanchoe-11111-scaled-1.jpg\" class=\"attachment-woocommerce_thumbnail size-woocommerce_thumbnail\" alt=\"Kalancho\u00eb Double\" \/><h2 class=\"woocommerce-loop-product__title\">Kalancho\u00eb Double<\/h2>\n\t<span class=\"price\"><del aria-hidden=\"true\"><span class=\"woocommerce-Price-amount amount\"><bdi>3.60<span class=\"woocommerce-Price-currencySymbol\">&euro;<\/span><\/bdi><\/span><\/del> <span class=\"screen-reader-text\">Original price was: 3.60&euro;.<\/span><ins aria-hidden=\"true\"><span class=\"woocommerce-Price-amount amount\"><bdi>1.90<span class=\"woocommerce-Price-currencySymbol\">&euro;<\/span><\/bdi><\/span><\/ins><span class=\"screen-reader-text\">Current price is: 1.90&euro;.<\/span><\/span>\n<\/a><a href=\"?add-to-cart=3817\" aria-describedby=\"woocommerce_loop_add_to_cart_link_describedby_3817\" data-quantity=\"1\" class=\"button product_type_simple add_to_cart_button ajax_add_to_cart\" data-product_id=\"3817\" data-product_sku=\"\" aria-label=\"Add to cart: &ldquo;Kalancho\u00eb Double&rdquo;\" rel=\"nofollow\" data-success_message=\"&ldquo;Kalancho\u00eb Double&rdquo; has been added to your cart\">Add to cart<\/a>\t<span id=\"woocommerce_loop_add_to_cart_link_describedby_3817\" class=\"screen-reader-text\">\n\t\t\t<\/span>\n<\/li>\n<li class=\"product type-product post-3324 status-publish instock product_cat-flowers product_tag-bebe-e-posalindur product_tag-dashuri product_tag-ditelindje product_tag-falenderim product_tag-martese product_tag-sherim-te-shpejte has-post-thumbnail sale shipping-taxable purchasable product-type-variable has-default-attributes\">\n\t<a href=\"https:\/\/agrocoop-ks.com\/?product=pastel-pink\" class=\"woocommerce-LoopProduct-link woocommerce-loop-product__link\">\n\t<span class=\"onsale\">Sale!<\/span>\n\t<img loading=\"lazy\" decoding=\"async\" width=\"1707\" height=\"1625\" src=\"https:\/\/agrocoop-ks.com\/wp-content\/uploads\/2020\/07\/13-4-scaled-e1604312376520-1.jpg\" class=\"attachment-woocommerce_thumbnail size-woocommerce_thumbnail\" alt=\"Pastel Pink\" \/><h2 class=\"woocommerce-loop-product__title\">Pastel Pink<\/h2>\n\t<span class=\"price\"><span class=\"woocommerce-Price-amount amount\"><bdi>38.40<span class=\"woocommerce-Price-currencySymbol\">&euro;<\/span><\/bdi><\/span> &ndash; <span class=\"woocommerce-Price-amount amount\"><bdi>55.20<span class=\"woocommerce-Price-currencySymbol\">&euro;<\/span><\/bdi><\/span><\/span>\n<\/a><a href=\"https:\/\/agrocoop-ks.com\/?product=pastel-pink\" aria-describedby=\"woocommerce_loop_add_to_cart_link_describedby_3324\" data-quantity=\"1\" class=\"button product_type_variable add_to_cart_button\" data-product_id=\"3324\" data-product_sku=\"\" aria-label=\"Select options for &ldquo;Pastel Pink&rdquo;\" rel=\"nofollow\">Select options<\/a>\t<span id=\"woocommerce_loop_add_to_cart_link_describedby_3324\" class=\"screen-reader-text\">\n\t\tThis product has multiple variants. The options may be chosen on the product page\t<\/span>\n<\/li>\n<li class=\"product type-product post-4315 status-publish instock product_cat-flowers has-post-thumbnail sale shipping-taxable purchasable product-type-simple\">\n\t<a href=\"https:\/\/agrocoop-ks.com\/?product=love-wrapped-cokollate\" class=\"woocommerce-LoopProduct-link woocommerce-loop-product__link\">\n\t<span class=\"onsale\">Sale!<\/span>\n\t<img loading=\"lazy\" decoding=\"async\" width=\"1138\" height=\"1094\" src=\"https:\/\/agrocoop-ks.com\/wp-content\/uploads\/2021\/02\/Bouquet-3-25.00-1.png\" class=\"attachment-woocommerce_thumbnail size-woocommerce_thumbnail\" alt=\"Love Wrapped + \u00c7okollat\u00eb\" \/><h2 class=\"woocommerce-loop-product__title\">Love Wrapped + \u00c7okollat\u00eb<\/h2>\n\t<span class=\"price\"><del aria-hidden=\"true\"><span class=\"woocommerce-Price-amount amount\"><bdi>48.00<span class=\"woocommerce-Price-currencySymbol\">&euro;<\/span><\/bdi><\/span><\/del> <span class=\"screen-reader-text\">Original price was: 48.00&euro;.<\/span><ins aria-hidden=\"true\"><span class=\"woocommerce-Price-amount amount\"><bdi>35.90<span class=\"woocommerce-Price-currencySymbol\">&euro;<\/span><\/bdi><\/span><\/ins><span class=\"screen-reader-text\">Current price is: 35.90&euro;.<\/span><\/span>\n<\/a><a href=\"?add-to-cart=4315\" aria-describedby=\"woocommerce_loop_add_to_cart_link_describedby_4315\" data-quantity=\"1\" class=\"button product_type_simple add_to_cart_button ajax_add_to_cart\" data-product_id=\"4315\" data-product_sku=\"\" aria-label=\"Add to cart: &ldquo;Love Wrapped + \u00c7okollat\u00eb&rdquo;\" rel=\"nofollow\" data-success_message=\"&ldquo;Love Wrapped + \u00c7okollat\u00eb&rdquo; has been added to your cart\">Add to cart<\/a>\t<span id=\"woocommerce_loop_add_to_cart_link_describedby_4315\" class=\"screen-reader-text\">\n\t\t\t<\/span>\n<\/li>\n<li class=\"product type-product post-2607 status-publish last instock product_cat-plants has-post-thumbnail sale shipping-taxable purchasable product-type-simple\">\n\t<a href=\"https:\/\/agrocoop-ks.com\/?product=echeveria-miranda\" class=\"woocommerce-LoopProduct-link woocommerce-loop-product__link\">\n\t<span class=\"onsale\">Sale!<\/span>\n\t<img loading=\"lazy\" decoding=\"async\" width=\"900\" height=\"900\" src=\"https:\/\/agrocoop-ks.com\/wp-content\/uploads\/2020\/07\/Echeveria-Miranda.jpg\" class=\"attachment-woocommerce_thumbnail size-woocommerce_thumbnail\" alt=\"Echeveria Miranda\" \/><h2 class=\"woocommerce-loop-product__title\">Echeveria Miranda<\/h2>\n\t<span class=\"price\"><del aria-hidden=\"true\"><span class=\"woocommerce-Price-amount amount\"><bdi>4.50<span class=\"woocommerce-Price-currencySymbol\">&euro;<\/span><\/bdi><\/span><\/del> <span class=\"screen-reader-text\">Original price was: 4.50&euro;.<\/span><ins aria-hidden=\"true\"><span class=\"woocommerce-Price-amount amount\"><bdi>1.50<span class=\"woocommerce-Price-currencySymbol\">&euro;<\/span><\/bdi><\/span><\/ins><span class=\"screen-reader-text\">Current price is: 1.50&euro;.<\/span><\/span>\n<\/a><a href=\"?add-to-cart=2607\" aria-describedby=\"woocommerce_loop_add_to_cart_link_describedby_2607\" data-quantity=\"1\" class=\"button product_type_simple add_to_cart_button ajax_add_to_cart\" data-product_id=\"2607\" data-product_sku=\"\" aria-label=\"Add to cart: &ldquo;Echeveria Miranda&rdquo;\" rel=\"nofollow\" data-success_message=\"&ldquo;Echeveria Miranda&rdquo; has been added to your cart\">Add to cart<\/a>\t<span id=\"woocommerce_loop_add_to_cart_link_describedby_2607\" class=\"screen-reader-text\">\n\t\t\t<\/span>\n<\/li>\n<\/ul>\n<\/div>\n<p>[\/col]<\/p>\n<p>[\/row]<\/p>\n<p>[\/section]<br \/>\n[section label=&#8221;Home: Latest&#8221; bg_color=&#8221;rgb(241, 242, 243)&#8221; padding=&#8221;0px&#8221;]<\/p>\n<p>[row]<\/p>\n<p>[col span__sm=&#8221;12&#8243;]<\/p>\n<p>[gap]<\/p>\n<p>[title text=&#8221;TaxDome offers a powerful all-in-one solution for tax professionals and their clients.&#8221; link_text=&#8221;t\u00eb gjitha&#8221; link=&#8221;\/kategori-produkti\/buqeta\/&#8221;]<\/p>\n<p>[ux_products style=&#8221;normal&#8221; type=&#8221;row&#8221; show_cat=&#8221;0&#8243; show_rating=&#8221;0&#8243; show_quick_view=&#8221;0&#8243; equalize_box=&#8221;true&#8221; cat=&#8221;28&#8243; products=&#8221;4&#8243; orderby=&#8221;date&#8221; order=&#8221;DESC&#8221; image_height=&#8221;96%&#8221; image_radius=&#8221;1&#8243; image_size=&#8221;original&#8221; image_hover=&#8221;zoom&#8221;]<\/p>\n<p>[\/col]<\/p>\n<p>[\/row]<\/p>\n<p>[\/section]<br \/>\n[section label=&#8221;Home: lule per dhurate&#8221; padding=&#8221;0px&#8221;]<\/p>\n<p>[row]<\/p>\n<p>[col span__sm=&#8221;12&#8243;]<\/p>\n<p>[gap]<\/p>\n<p>[title text=&#8221;Lule p\u00ebr dhurat\u00eb&#8221; link_text=&#8221;t\u00eb gjitha&#8221; link=&#8221;\/kategori-produkti\/lule-ne-vazo\/lule-per-dhurate\/&#8221;]<\/p>\n<p>[ux_products style=&#8221;normal&#8221; type=&#8221;row&#8221; show_cat=&#8221;0&#8243; show_rating=&#8221;0&#8243; show_quick_view=&#8221;0&#8243; equalize_box=&#8221;true&#8221; cat=&#8221;137&#8243; products=&#8221;4&#8243; orderby=&#8221;date&#8221; order=&#8221;ASC&#8221; image_height=&#8221;96%&#8221; image_radius=&#8221;1&#8243; image_size=&#8221;original&#8221; image_hover=&#8221;zoom&#8221;]<\/p>\n<p>[\/col]<\/p>\n<p>[\/row]<\/p>\n<p>[\/section]<br \/>\n[block id=&#8221;3371&#8243;]<\/p>\n<p>[ux_slider]<\/p>\n<p>[\/ux_slider]<\/p>\n<div style=\"position: absolute; left: -99999px;\">\n<h2>\u30aa\u30f3\u30e9\u30a4\u30f3\u30ab\u30b8\u30ce paypay \u306e\u7279\u5fb4\u3068\u306f\uff1f<\/h2>\n<p>\u65e5\u672c\u56fd\u5185\u3067\u3082\u5229\u7528\u8005\u304c\u5897\u3048\u3066\u3044\u308b  \u3067\u306f\u3001\u5b89\u5168\u3067\u30b9\u30e0\u30fc\u30ba\u306a\u53d6\u5f15\u304c\u53ef\u80fd\u3067\u3059\u3002<\/p>\n<table>\n<thead>\n<tr>\n<th>\u7279\u5fb4<\/th>\n<th>\u8a73\u7d30<\/th>\n<\/tr>\n<\/thead>\n<tbody>\n<tr>\n<td>\u8fc5\u901f\u306a\u53d6\u5f15<\/td>\n<td>\u5373\u6642\u5165\u51fa\u91d1\u306b\u5bfe\u5fdc<\/td>\n<\/tr>\n<tr>\n<td>\u30b3\u30b9\u30c8<\/td>\n<td>\u624b\u6570\u6599\u304c\u4f4e\u304f\u3001\u304a\u5f97<\/td>\n<\/tr>\n<tr>\n<td>\u5b89\u5168\u6027<\/td>\n<td>\u4fe1\u983c\u3067\u304d\u308b\u6c7a\u6e08\u30b7\u30b9\u30c6\u30e0<\/td>\n<\/tr>\n<\/tbody>\n<\/table>\n<p>\u30aa\u30f3\u30e9\u30a4\u30f3\u30ab\u30b8\u30ce paypay \u3092\u5229\u7528\u3059\u308b\u3053\u3068\u3067\u3001\u3088\u308a\u5feb\u9069\u306a\u30d7\u30ec\u30a4\u74b0\u5883\u3092\u6574\u3048\u308b\u3053\u3068\u304c\u3067\u304d\u307e\u3059\u3002<\/p>\n<\/div>\n","protected":false},"excerpt":{"rendered":"<p>[ux_slider type=&#8221;fade&#8221; nav_style=&#8221;simple&#8221; bullets=&#8221;false&#8221; bullet_style=&#8221;dashes-spaced&#8221;] [ux_banner height=&#8221;500px&#8221; bg=&#8221;5633&#8243; bg_pos=&#8221;17% 5%&#8221;] [\/ux_banner] [ux_banner label=&#8221;Orhidea&#8221; height=&#8221;500px&#8221; height__sm=&#8221;370px&#8221; bg=&#8221;4448&#8243; bg_size=&#8221;original&#8221; bg_color=&#8221;rgb(255, 255, 255)&#8221; bg_pos=&#8221;48% 50%&#8221; border=&#8221;0px 0px 0px 0px&#8221; border_margin=&#8221;0px 0px 0px 0px&#8221; video_visibility=&#8221;hidden&#8221; visibility=&#8221;hidden&#8221;] [text_box width=&#8221;33&#8243; width__sm=&#8221;83&#8243; scale__sm=&#8221;120&#8243; position_x=&#8221;50&#8243; position_x__sm=&#8221;50&#8243; position_y=&#8221;80&#8243; position_y__sm=&#8221;75&#8243;] [button text=&#8221;Shiko Ofert\u00cbn!&#8221; color=&#8221;alert&#8221; expand=&#8221;0&#8243; link=&#8221;https:\/\/agrocoop-ks.com\/8-marsi\/&#8221;] [\/text_box] [\/ux_banner] [ux_banner label=&#8221;Dhjetori Magjik&#8221; height=&#8221;600px&#8221; bg=&#8221;4027&#8243; bg_size=&#8221;original&#8221; bg_color=&#8221;rgb(0, [&hellip;]<\/p>\n","protected":false},"author":162,"featured_media":451,"parent":0,"menu_order":0,"comment_status":"closed","ping_status":"closed","template":"page-blank.php","meta":{"footnotes":""},"class_list":["post-50","page","type-page","status-publish","has-post-thumbnail","hentry"],"_links":{"self":[{"href":"https:\/\/agrocoop-ks.com\/index.php?rest_route=\/wp\/v2\/pages\/50","targetHints":{"allow":["GET"]}}],"collection":[{"href":"https:\/\/agrocoop-ks.com\/index.php?rest_route=\/wp\/v2\/pages"}],"about":[{"href":"https:\/\/agrocoop-ks.com\/index.php?rest_route=\/wp\/v2\/types\/page"}],"author":[{"embeddable":true,"href":"https:\/\/agrocoop-ks.com\/index.php?rest_route=\/wp\/v2\/users\/162"}],"replies":[{"embeddable":true,"href":"https:\/\/agrocoop-ks.com\/index.php?rest_route=%2Fwp%2Fv2%2Fcomments&post=50"}],"version-history":[{"count":13,"href":"https:\/\/agrocoop-ks.com\/index.php?rest_route=\/wp\/v2\/pages\/50\/revisions"}],"predecessor-version":[{"id":9254,"href":"https:\/\/agrocoop-ks.com\/index.php?rest_route=\/wp\/v2\/pages\/50\/revisions\/9254"}],"wp:featuredmedia":[{"embeddable":true,"href":"https:\/\/agrocoop-ks.com\/index.php?rest_route=\/"}],"wp:attachment":[{"href":"https:\/\/agrocoop-ks.com\/index.php?rest_route=%2Fwp%2Fv2%2Fmedia&parent=50"}],"curies":[{"name":"wp","href":"https:\/\/api.w.org\/{rel}","templated":true}]}}